{"id":120,"date":"2007-03-06T00:14:48","date_gmt":"2007-03-05T23:14:48","guid":{"rendered":"http:\/\/www.barbantia.org\/cont\/index.php\/comisions\/fardel-de-palabras\/bolboreta-de-mil-cores\/"},"modified":"2021-12-08T22:47:12","modified_gmt":"2021-12-08T21:47:12","slug":"bolboreta-de-mil-cores","status":"publish","type":"page","link":"https:\/\/www.barbantia.es\/www\/cont\/index.php\/comisions\/fardel-de-palabras\/bolboreta-de-mil-cores\/","title":{"rendered":"Bolboreta de mil cores"},"content":{"rendered":"<div style=\"width: 150px\" class=\"wp-caption alignleft\"><a href=\"\/www\/cont\/wp-content\/imaxes\/SilviaGarciaMiron.jpg\"><img loading=\"lazy\" title=\"Silvia Garc\u00c3\u00ada Mir\u00c3\u00b3n\" src=\"\/www\/cont\/wp-content\/imaxes\/SilviaGarciaMiron.jpg\" alt=\"Silvia Garcia\" width=\"140\" height=\"153\" align=\"left\" \/><\/a><p class=\"wp-caption-text\">Silvia Garc\u00eda Mir\u00f3n<\/p><\/div>\n<p style=\"text-align: justify;\">Se polo menos puidese lembrar cal \u00e9 o meu nome, non me sentir\u00ed\u00ada tan perdida e nerviosa agora! Laura? Ux\u00ed\u00ada? Non creo. Ning\u00fan dos dous se asemella a un nome familiar, un nome para min. Un nome para este corpo, este estra\u00f1o corpo, pero que non deixa de ser o meu corpo. \u00c9 moi estra\u00f1o o que estou ollando ao procurar descifrarme. Que estra\u00f1a sensaci\u00f3n&#8230;!<\/p>\n<p style=\"text-align: justify;\">\u00cdllome. Anal\u00edzome dende esta cabeza ata estes p\u00e9s que semellan xigantescos, tal coma se estivese ancorada en d\u00faas dornas. Mais non os reco\u00f1ezo. Non me reco\u00f1ezo. Cami\u00f1o e paseni\u00f1amente ad\u00e9ntrome nesta gaiola sen fin, coma unha proba do m\u00e1is enrevesado dos nightshows yankies para enfrontarme cos terribles loitadores de Pressing Catch. As\u00fastome. Anguria que v\u00e9n sobrevoando o ceo a toda pr\u00e9sa, e p\u00f3usase, coma unha bolboreta de mil cores no meu ombreiro e logo no meu nariz e logo&#8230;<\/p>\n<p style=\"text-align: justify;\">Vaia carallada! E, a\u00c3\u00adnda por riba, non atopo cartos nos meus petos e, por suposto, o meu moedeiro tampouco est\u00c3\u00a1. Deste xeito creo que poder\u00c3\u00ada saber algo m\u00c3\u00a1is, xa que a \u00c3\u00banica merda de cousa que sei nestes intres \u00c3\u00a9 que estou viva &#8211; a\u00c3\u00adnda que tampouco po\u00c3\u00b1er\u00c3\u00ada a man enriba do lume por isto -. Ben, e penso, logo existo. Hostia, quen, por mor dos ceos, dixera, e a\u00c3\u00adnda para m\u00c3\u00a1is, reco\u00c3\u00b1ec\u00c3\u00a9rase por tan h\u00c3\u00a1bil relaci\u00c3\u00b3n de causa-efecto? Oh, foder!, non o sei. Esta \u00c3\u00a9 a situaci\u00c3\u00b3n m\u00c3\u00a1is aplastante que experimentei en toda a mi\u00c3\u00b1a vida. Ou quizais non, vai ti saber!<\/p>\n<p style=\"text-align: justify;\">Estou intentando pensar, lembrar algo, o que sexa. Pero non podo. A mi\u00c3\u00b1a mente semella estar pintada cunha cor ben escura, negra. Eses andeis que deber\u00c3\u00adan soster t\u00c3\u00b3dolos documentos dos datos asociados \u00c3\u00a1 mi\u00c3\u00b1a vida real, escritos en vellas e pardas follas de papel, at\u00c3\u00b3panse baleiras. Baleiras! Onde demo estar\u00c3\u00a1n eses documentos? Onde demo est\u00c3\u00a1n t\u00c3\u00b3dolos meus recordos? Mi\u00c3\u00b1a naici\u00c3\u00b1a, creo que esta situaci\u00c3\u00b3n comeza a ser m\u00c3\u00a1is que preocupante. Por que dia\u00c3\u00b1os estou desvariando? Estarei tola? Que ocorre? Quizais tan s\u00c3\u00b3 sexa un pesadelo. Eh, eh! Esperta nena! Esperta! Neste pesadelo tan real, mestura de ficci\u00c3\u00b3n e realidade (coma esas pel\u00c3\u00adculas de Antena 3 do domingo pola tarde), tan s\u00c3\u00b3 espero a que apareza o plano que mo esclareza todo.<\/p>\n<p style=\"text-align: justify;\">O tempo v\u00c3\u00a9n detr\u00c3\u00a1s de min, pero pasa lentamente, coma se un segundo parecese unha eternidade en si mesmo. Vexo o correcami\u00c3\u00b1os nunha carreira perseguido por unha banda de tartarugas. Gracioso, non? Cami\u00c3\u00b1arei. Cami\u00c3\u00b1arei \u00c3\u00b3 traveso desta concorrida r\u00c3\u00baa, pero solitaria para min. Ningu\u00c3\u00a9n est\u00c3\u00a1 preocupado por min. Ningu\u00c3\u00a9n olla cara min. Berrarei! Iso \u00c3\u00a9, berrarei moi alto, moi forte, ata que a mi\u00c3\u00b1a gorxa quede ferida no intento&#8230; &#8220;EEEHHHH&#8230; ESCOIT\u00c3\u0081DEME!!! ESTOU AQU\u00c3\u008d!!! MIR\u00c3\u0081DEME! OLL\u00c3\u0081DEME! QUEN SON? QUEN DEMO SON?&#8221;<\/p>\n<p style=\"text-align: justify;\">Que ocorre? Por que me miran tan estra\u00c3\u00b1os? &#8220;POR QUE ME MIRADES? QUE TE\u00c3\u2018O? QUE SON?&#8221; M\u00c3\u00adranme. Xa o fan. Pero non me axudan. Semella que me te\u00c3\u00b1en medo, que me miran e tremen. Ter\u00c3\u00ada un accidente? Iso \u00c3\u00a9, de seguro que si. Tivo que ser iso o que ocorreu e por iso non me lembro de nada&#8230;<br \/>\nMeu Deus, t\u00c3\u00b3dolos ra\u00c3\u00b1aceos desta pequena vila e os innumer\u00c3\u00a1beis autom\u00c3\u00b3biles que me deixan atr\u00c3\u00a1s tan r\u00c3\u00a1pido estanse movendo \u00c3\u00b3 redor da mi\u00c3\u00b1a cabeza, dando voltas e m\u00c3\u00a1is voltas, voltas e reviravoltas&#8230; non soporto a mi\u00c3\u00b1a cabeza e as mi\u00c3\u00b1as pernas, tan fr\u00c3\u00a1xiles, apenas poden soster o resto do meu corpo, este estra\u00c3\u00b1o corpo. Creo que agora poder\u00c3\u00ada tocar as nubes. Que fermosas! Os edificios v\u00c3\u00b3lvense casas de planta baixa. Est\u00c3\u00a1n tan preto! Angulosos. Cos teitos de lado. Creo que a mi\u00c3\u00b1a cabeza est\u00c3\u00a1 esvarando&#8230; caendo&#8230; e, de novo, a\u00c3\u00ad v\u00c3\u00a9n a bolboreta de mil cores&#8230;<\/p>\n<p style=\"text-align: justify;\">&#8220;Lucas! Lucas! Ei! Est\u00e1s ben! Pois ve\u00f1a, t\u00c3\u00ado, foder! lev\u00e1ntate que pesas coma unha mula. Volvamos ao local! Esta festa est\u00c3\u00a1 de puta madre, pavo!&#8221;<\/p>\n<div class=\"twttr_buttons\"><div class=\"twttr_twitter\">\n\t\t\t\t\t<a href=\"http:\/\/twitter.com\/share?text=Bolboreta+de+mil+cores\" class=\"twitter-share-button\" data-via=\"\" data-hashtags=\"\"  data-size=\"default\" data-url=\"https:\/\/www.barbantia.es\/www\/cont\/index.php\/comisions\/fardel-de-palabras\/bolboreta-de-mil-cores\/\"  data-related=\"\" target=\"_blank\">Tweet<\/a>\n\t\t\t\t<\/div><\/div><div class=\"fcbkbttn_buttons_block\" id=\"fcbkbttn_left\"><div class=\"fcbkbttn_button\">\n\t\t\t\t\t<a href=\"https:\/\/www.facebook.com\/140446132668582\" target=\"_blank\">\n\t\t\t\t\t\t<img src=\"\" alt=\"Fb-Button\" \/>\n\t\t\t\t\t<\/a>\n\t\t\t\t<\/div><div class=\"fcbkbttn_like \"><fb:like href=\"https:\/\/www.barbantia.es\/www\/cont\/index.php\/comisions\/fardel-de-palabras\/bolboreta-de-mil-cores\/\" action=\"like\" colorscheme=\"light\" layout=\"button_count\"  size=\"small\"><\/fb:like><\/div><\/div>","protected":false},"excerpt":{"rendered":"<p>Se polo menos puidese lembrar cal \u00e9 o meu nome, non me sentir\u00ed\u00ada tan perdida e nerviosa agora! Laura? Ux\u00ed\u00ada? Non creo. Ning\u00fan dos dous se asemella a un nome familiar, un nome para min. Un nome para este corpo, &hellip; <a href=\"https:\/\/www.barbantia.es\/www\/cont\/index.php\/comisions\/fardel-de-palabras\/bolboreta-de-mil-cores\/\">Sigue lendo <span class=\"meta-nav\">&rarr;<\/span><\/a><\/p>\n","protected":false},"author":1,"featured_media":0,"parent":22,"menu_order":1,"comment_status":"open","ping_status":"closed","template":"","meta":[],"_links":{"self":[{"href":"https:\/\/www.barbantia.es\/www\/cont\/index.php\/wp-json\/wp\/v2\/pages\/120"}],"collection":[{"href":"https:\/\/www.barbantia.es\/www\/cont\/index.php\/wp-json\/wp\/v2\/pages"}],"about":[{"href":"https:\/\/www.barbantia.es\/www\/cont\/index.php\/wp-json\/wp\/v2\/types\/page"}],"author":[{"embeddable":true,"href":"https:\/\/www.barbantia.es\/www\/cont\/index.php\/wp-json\/wp\/v2\/users\/1"}],"replies":[{"embeddable":true,"href":"https:\/\/www.barbantia.es\/www\/cont\/index.php\/wp-json\/wp\/v2\/comments?post=120"}],"version-history":[{"count":12,"href":"https:\/\/www.barbantia.es\/www\/cont\/index.php\/wp-json\/wp\/v2\/pages\/120\/revisions"}],"predecessor-version":[{"id":2023,"href":"https:\/\/www.barbantia.es\/www\/cont\/index.php\/wp-json\/wp\/v2\/pages\/120\/revisions\/2023"}],"up":[{"embeddable":true,"href":"https:\/\/www.barbantia.es\/www\/cont\/index.php\/wp-json\/wp\/v2\/pages\/22"}],"wp:attachment":[{"href":"https:\/\/www.barbantia.es\/www\/cont\/index.php\/wp-json\/wp\/v2\/media?parent=120"}],"curies":[{"name":"wp","href":"https:\/\/api.w.org\/{rel}","templated":true}]}}