{"id":132,"date":"2007-08-11T12:24:58","date_gmt":"2007-08-11T10:24:58","guid":{"rendered":"http:\/\/www.barbantia.org\/cont\/index.php\/publicacions\/"},"modified":"2026-01-08T19:37:46","modified_gmt":"2026-01-08T18:37:46","slug":"publicacions","status":"publish","type":"page","link":"https:\/\/www.barbantia.es\/www\/cont\/index.php\/publicacions\/","title":{"rendered":"Publicaci\u00f3ns"},"content":{"rendered":"\n\n<div>\n<p><strong>BarbantiaRte<\/strong><\/p>\n<ul>\n<li><a title=\"Catalogo BarbantiaRte I\" href=\"https:\/\/www.barbantia.es\/www\/cont\/wp-content\/uploads\/2013\/02\/catalogo_ barbantiarte.pdf\" target=\"_blank\" rel=\"noopener noreferrer\">Cat\u00e1logo BarbantiaRte I<\/a><\/li>\n<li><a title=\"Catalogo BarbantiaRte I\" href=\"https:\/\/www.barbantia.es\/www\/cont\/wp-content\/uploads\/2013\/02\/catalogo_ barbantiarte_II.pdf\" target=\"_blank\" rel=\"noopener noreferrer\">Cat\u00e1logo BarbantiaRte II<\/a><\/li>\n<li><a href=\"https:\/\/www.barbantia.es\/www\/cont\/wp-content\/uploads\/2007\/08\/web-catalogo-barbantiarte-III-.pdf\">Cat\u00e1logo BarbantiaRte III<\/a><\/li>\n<li><a href=\"https:\/\/www.barbantia.es\/www\/cont\/wp-content\/uploads\/2024\/10\/Libro_Nos-Outras_BarbantiaRte_IV_web.pdf\">Cat\u00e1logo BarbantiaRte IV<\/a><\/li>\n<li><a href=\"https:\/\/www.barbantia.es\/www\/cont\/wp-content\/uploads\/2021\/02\/web-catalogo-barbantiarte-V.pdf\">Cat\u00e1logo BarbantiaRte_V<\/a><\/li>\n<li><a href=\"https:\/\/www.barbantia.es\/www\/cont\/wp-content\/uploads\/2021\/02\/Catalogo-BarbantiaRte-VI.pdf\">Cat\u00e1logo BarbantiaRte_VI<\/a><\/li>\n<li><a href=\"https:\/\/www.barbantia.es\/www\/cont\/wp-content\/uploads\/2021\/02\/Catalogo_BarbantiaRte_VII.pdf\">Cat\u00e1logo BarbantiaRte_VII<\/a><\/li>\n<li><a href=\"https:\/\/www.barbantia.es\/www\/cont\/wp-content\/uploads\/2024\/10\/FINAL_BarbantiaRte_VIIIrrss.pdf\">Cat\u00e1logo BarbantiaRte_VIII<\/a><\/li>\n<li><a href=\"https:\/\/www.barbantia.es\/www\/cont\/wp-content\/uploads\/2024\/12\/BarbantiaRte-IX.pdf\">Cat\u00e1logo BarbantiaR<\/a><a href=\"https:\/\/www.barbantia.es\/www\/cont\/wp-content\/uploads\/2024\/12\/BarbantiaRte-IX.pdf\">te IX<\/a><\/li>\n<\/ul>\n<\/div>\n<div>\n<p><strong>Anuarios de Estudos do Barbanza<\/strong><\/p>\n<ul>\n<li><a href=\"https:\/\/www.barbantia.es\/www\/cont\/wp-content\/uploads\/2026\/01\/Anuario-19-Barbantia-2025-rrss.pdf\">Anuario de Estudos do Barbanza 2025<\/a><\/li>\n<li><a href=\"https:\/\/www.barbantia.es\/www\/cont\/wp-content\/uploads\/2026\/01\/ANUARIO_2024rrss.pdf\">Anuario de Estudos do Barbanza 2024<\/a><\/li>\n<li><a href=\"https:\/\/www.barbantia.es\/www\/cont\/wp-content\/uploads\/2024\/10\/Anuario-19-Barbantia-2023-rrss.pdf\">Anuario de Estudos do Barbanza 2023<\/a><\/li>\n<li><a href=\"https:\/\/www.barbantia.es\/www\/cont\/wp-content\/uploads\/2023\/10\/Anuario_18-Barbantia-2022-rrss.pdf\">Anuario de Estudos do Barbanza 2022<\/a><\/li>\n<li><a href=\"https:\/\/www.barbantia.es\/www\/cont\/wp-content\/uploads\/2022\/11\/FINAL_Anuario-17-Barbantia-2021.pdf\">Anuario de Estudos do Barbanza 2021<\/a><\/li>\n<li><a href=\"https:\/\/www.barbantia.es\/www\/cont\/wp-content\/uploads\/2021\/02\/FINAL_ANUARIO_16-Barbantia-2020.pdf\">Anuario de Estudos do Barbanza 2020<\/a><\/li>\n<li><a href=\"https:\/\/www.barbantia.es\/www\/cont\/wp-content\/uploads\/2020\/03\/anuario-14-Barbantia-2019-web_HD.pdf\">Anuario de Estudos do Barbanza 2019<\/a><\/li>\n<li><a href=\"https:\/\/www.barbantia.es\/www\/cont\/wp-content\/uploads\/2019\/02\/anuario-14-Barbantia-2018-web.pdf\">Anuario de Estudos do Barbanza 2018<\/a><\/li>\n<li><a href=\"https:\/\/www.barbantia.es\/www\/cont\/wp-content\/uploads\/2019\/02\/anuario-13-Banbantia-2017-web.pdf\">Anuario de Estudos do Barbanza 2017<\/a><\/li>\n<li>Anuario de Estudos do Barbanza 2016<\/li>\n<li><a href=\"https:\/\/www.barbantia.es\/www\/cont\/wp-content\/uploads\/2007\/08\/anuario-barbantia-2015-web.pdf\">Anuario de Estudos do Barbanza 2015<\/a><\/li>\n<li><a href=\"https:\/\/www.barbantia.es\/www\/cont\/wp-content\/uploads\/2007\/08\/anuario-barbantia-2014-web.pdf\">Anuario de Estudos do Barbanza 2014<\/a><\/li>\n<li><a href=\"https:\/\/www.barbantia.es\/www\/cont\/wp-content\/uploads\/2007\/08\/Anuario_2013.pdf\">Anuario de Estudos do Barbanza 2013<\/a><\/li>\n<li><a title=\"Anuario de estudos do Barbanza 2012\" href=\"https:\/\/www.barbantia.es\/www\/cont\/wp-content\/uploads\/2013\/02\/anuario_barbantia_2012.pdf\" target=\"_blank\" rel=\"noopener noreferrer\">Anuario de estudos do Barbanza 2012<\/a><\/li>\n<li><a title=\"Anuario de estudos do Barbanza 2011\" href=\"https:\/\/www.barbantia.es\/www\/cont\/wp-content\/uploads\/2013\/02\/anuario_barbantia_2011.pdf\" target=\"_blank\" rel=\"noopener noreferrer\">Anuario de estudos do Barbanza 2011<\/a><\/li>\n<li><a title=\"Anuario de estudos do Barbanza 2010\" href=\"https:\/\/www.barbantia.es\/www\/cont\/wp-content\/uploads\/2011\/03\/anuario_barbantia_2010.pdf\" target=\"_blank\" rel=\"noopener noreferrer\">Anuario de estudos do Barbanza 2010<\/a><\/li>\n<li>Anuario de estudos do Barbanza 2009<\/li>\n<li><a title=\"Anuario de estudos do Barbanza 2008\" href=\"https:\/\/www.barbantia.es\/www\/cont\/wp-content\/uploads\/2011\/03\/interior-anuario-2008.pdf\" target=\"_blank\" rel=\"noopener noreferrer\">Anuario de estudos do Barbanza 2008<\/a><\/li>\n<li><a title=\"Anuario de estudos do Barbanza 2007\" href=\"https:\/\/www.barbantia.es\/www\/cont\/wp-content\/uploads\/2011\/03\/anuario_2007.pdf\" target=\"_blank\" rel=\"noopener noreferrer\">Anuario de estudos do Barbanza 2007<\/a><\/li>\n<\/ul>\n<\/div>\n<p><strong>Outras Publicaci\u00f3ns<\/strong><\/p>\n<table style=\"height: 472px;\" border=\"0\" width=\"638\">\n<tbody>\n<tr>\n<td>\n<div style=\"width: 138px\" class=\"wp-caption aligncenter\"><a title=\"A cor dos so\u00c3\u00b1os\" href=\"https:\/\/www.barbantia.es\/www\/cont\/wp-content\/uploads\/2007\/08\/a-cor-dos-sonos.pdf\" target=\"_blank\" rel=\"noopener noreferrer\"><img loading=\"lazy\" title=\"A cor dos so\u00c3\u00b1os\" src=\"https:\/\/www.barbantia.es\/www\/cont\/wp-content\/uploads\/2007\/08\/a-cor-dos-sonos.miniatura.jpg\" alt=\"A cor dos so\u00c3\u00b1os\" width=\"128\" height=\"109\" \/><\/a><p class=\"wp-caption-text\">A cor dos so\u00f1os<\/p><\/div>\n<\/td>\n<td>\n<div style=\"width: 95px\" class=\"wp-caption aligncenter\"><a title=\"Voces na materia\" href=\"https:\/\/www.barbantia.es\/www\/cont\/wp-content\/uploads\/2007\/08\/voces-na-materia.pdf\" target=\"_blank\" rel=\"noopener noreferrer\"><img loading=\"lazy\" title=\"Voces na materia\" src=\"https:\/\/www.barbantia.es\/www\/cont\/wp-content\/uploads\/2007\/08\/voces-na-materia.miniatura.jpg\" alt=\"Voces na materia\" width=\"85\" height=\"128\" \/><\/a><p class=\"wp-caption-text\">Voces na materia<\/p><\/div>\n<\/td>\n<td>\n<div style=\"width: 97px\" class=\"wp-caption aligncenter\"><a title=\"Voces na guerra\" href=\"https:\/\/www.barbantia.es\/www\/cont\/wp-content\/uploads\/2007\/08\/voces-na-guerra.pdf\" target=\"_blank\" rel=\"noopener noreferrer\"><img loading=\"lazy\" title=\"Voces na guerra\" src=\"https:\/\/www.barbantia.es\/www\/cont\/wp-content\/uploads\/2007\/08\/voces-na-guerra.miniatura.jpg\" alt=\"Voces na guerra\" width=\"87\" height=\"128\" \/><\/a><p class=\"wp-caption-text\">Voces na guerra<\/p><\/div>\n<\/td>\n<\/tr>\n<tr>\n<td>\n<div style=\"width: 105px\" class=\"wp-caption aligncenter\"><a title=\"Un r\u00c3\u00ado de sangue e tinta\" href=\"https:\/\/www.barbantia.es\/www\/cont\/wp-content\/uploads\/2007\/08\/un-rio-de-sangue-e-tinta.pdf\" target=\"_blank\" rel=\"noopener noreferrer\"><img loading=\"lazy\" title=\"Un r\u00c3\u00ado de sangue e tinta\" src=\"https:\/\/www.barbantia.es\/www\/cont\/wp-content\/uploads\/2007\/08\/un-rio-de-sangue-e-tinta.miniatura.jpg\" alt=\"Un r\u00c3\u00ado de sangue e tinta\" width=\"95\" height=\"128\" \/><\/a><p class=\"wp-caption-text\">Un r\u00c3\u00ado de sangue e tinta<\/p><\/div>\n<\/td>\n<td>\n<div style=\"width: 138px\" class=\"wp-caption aligncenter\"><a title=\"Luces na cidade\" href=\"https:\/\/www.barbantia.es\/www\/cont\/wp-content\/uploads\/2007\/08\/luces-na-cidade.jpg\" target=\"_blank\" rel=\"noopener noreferrer\"><img loading=\"lazy\" title=\"Luces na cidade\" src=\"https:\/\/www.barbantia.es\/www\/cont\/wp-content\/uploads\/2007\/08\/luces-na-cidade.miniatura.jpg\" alt=\"Luces na cidade\" width=\"128\" height=\"122\" \/><\/a><p class=\"wp-caption-text\">Luces na cidade<\/p><\/div>\n<\/td>\n<td>\n<div id=\"attachment_1436\" style=\"width: 108px\" class=\"wp-caption aligncenter\"><img aria-describedby=\"caption-attachment-1436\" loading=\"lazy\" class=\"wp-image-1436\" title=\"Cat\u00c3\u00a1logo Che Tembra\" src=\"https:\/\/www.barbantia.es\/www\/cont\/wp-content\/uploads\/2007\/08\/Cat\u00c3\u00a1logo_Che_Tembra-246x300.png\" alt=\"catalogo_che_tembra\" width=\"98\" height=\"119\" \/><p id=\"caption-attachment-1436\" class=\"wp-caption-text\"><a href=\"https:\/\/www.barbantia.es\/www\/cont\/wp-content\/uploads\/2016\/09\/interior-cat\u00c3\u00a1logo-che_tembra-1406082022.pdf\">Cat\u00c3\u00a1logo Che Tembra<\/a><\/p><\/div>\n<\/td>\n<\/tr>\n<\/tbody>\n<\/table><div class=\"twttr_buttons\"><div class=\"twttr_twitter\">\n\t\t\t\t\t<a href=\"http:\/\/twitter.com\/share?text=Publicaci%C3%B3ns\" class=\"twitter-share-button\" data-via=\"\" data-hashtags=\"\"  data-size=\"default\" data-url=\"https:\/\/www.barbantia.es\/www\/cont\/index.php\/publicacions\/\"  data-related=\"\" target=\"_blank\">Tweet<\/a>\n\t\t\t\t<\/div><\/div><div class=\"fcbkbttn_buttons_block\" id=\"fcbkbttn_left\"><div class=\"fcbkbttn_button\">\n\t\t\t\t\t<a href=\"https:\/\/www.facebook.com\/140446132668582\" target=\"_blank\">\n\t\t\t\t\t\t<img src=\"\" alt=\"Fb-Button\" \/>\n\t\t\t\t\t<\/a>\n\t\t\t\t<\/div><div class=\"fcbkbttn_like \"><fb:like href=\"https:\/\/www.barbantia.es\/www\/cont\/index.php\/publicacions\/\" action=\"like\" colorscheme=\"light\" layout=\"button_count\"  size=\"small\"><\/fb:like><\/div><\/div>","protected":false},"excerpt":{"rendered":"<p>BarbantiaRte Cat\u00e1logo BarbantiaRte I Cat\u00e1logo BarbantiaRte II Cat\u00e1logo BarbantiaRte III Cat\u00e1logo BarbantiaRte IV Cat\u00e1logo BarbantiaRte_V Cat\u00e1logo BarbantiaRte_VI Cat\u00e1logo BarbantiaRte_VII Cat\u00e1logo BarbantiaRte_VIII Cat\u00e1logo BarbantiaRte IX Anuarios de Estudos do Barbanza Anuario de Estudos do Barbanza 2025 Anuario de Estudos do Barbanza &hellip; <a href=\"https:\/\/www.barbantia.es\/www\/cont\/index.php\/publicacions\/\">Sigue lendo <span class=\"meta-nav\">&rarr;<\/span><\/a><\/p>\n","protected":false},"author":1,"featured_media":0,"parent":0,"menu_order":6,"comment_status":"closed","ping_status":"closed","template":"","meta":[],"_links":{"self":[{"href":"https:\/\/www.barbantia.es\/www\/cont\/index.php\/wp-json\/wp\/v2\/pages\/132"}],"collection":[{"href":"https:\/\/www.barbantia.es\/www\/cont\/index.php\/wp-json\/wp\/v2\/pages"}],"about":[{"href":"https:\/\/www.barbantia.es\/www\/cont\/index.php\/wp-json\/wp\/v2\/types\/page"}],"author":[{"embeddable":true,"href":"https:\/\/www.barbantia.es\/www\/cont\/index.php\/wp-json\/wp\/v2\/users\/1"}],"replies":[{"embeddable":true,"href":"https:\/\/www.barbantia.es\/www\/cont\/index.php\/wp-json\/wp\/v2\/comments?post=132"}],"version-history":[{"count":43,"href":"https:\/\/www.barbantia.es\/www\/cont\/index.php\/wp-json\/wp\/v2\/pages\/132\/revisions"}],"predecessor-version":[{"id":2413,"href":"https:\/\/www.barbantia.es\/www\/cont\/index.php\/wp-json\/wp\/v2\/pages\/132\/revisions\/2413"}],"wp:attachment":[{"href":"https:\/\/www.barbantia.es\/www\/cont\/index.php\/wp-json\/wp\/v2\/media?parent=132"}],"curies":[{"name":"wp","href":"https:\/\/api.w.org\/{rel}","templated":true}]}}