{"id":2,"date":"2005-09-20T17:03:19","date_gmt":"2005-09-20T15:03:19","guid":{"rendered":"http:\/\/www.barbantia.org\/cont\/?page_id=2"},"modified":"2021-12-08T22:32:05","modified_gmt":"2021-12-08T21:32:05","slug":"que-e-barbantia","status":"publish","type":"page","link":"https:\/\/www.barbantia.es\/www\/cont\/index.php\/que-e-barbantia\/","title":{"rendered":"Que \u00e9 Barbantia?"},"content":{"rendered":"<ul>\n<li><a href=\"https:\/\/www.barbantia.es\/www\/cont\/wp-content\/imaxes\/documentos\/BARBANTIA-ESTATUTOS.pdf\" target=\"_blank\" rel=\"noopener\">Estatutos <\/a><\/li>\n<li><a href=\"#historia\">Historia de Barbantia<\/a><\/li>\n<li><a href=\"#comisi\">Comisi\u00f3ns de Barbantia<\/a><\/li>\n<li><a href=\"https:\/\/www.barbantia.es\/www\/cont\/index.php\/que-e-barbantia\/barbantia-na-prensa\/\">Dosier de Prensa<\/a><\/li>\n<\/ul>\n<p><a name=\"historia\"><\/a> <strong>Historia de Barbantia<\/strong><\/p>\n<p style=\"text-align: justify;\" align=\"justify\">Dende hai alg\u00fan tempo, unha morea de amigos do Barbanza, os m\u00e1is deles creadores e animadores culturais, vi\u00f1amos acari\u00f1ando a idea de crearmos un espazo que nos xunte e que sexa unha especie de lugar com\u00fan para a cultura. Despois de moitas conversas, decidimos fundar Barbantia, unha asociaci\u00f3n cultural que pretende ser un centro de ideas, un proxecto comun, aberto, de car\u00e1cter independente, co \u00fanico \u00e1nimo de lucro da cultura como elemento enriquecedor. Estamos convencidos de que o Barbanza ten unha importante oferta cultural -isto non \u00e9 unha descuberta-, pero tam\u00e9n nos decatamos de que esa oferta non transcende moitas veces os l\u00edmites do propio concello que oferta o acto. Esa \u00e9 unha verdadeira m\u00e1goa, porque conferencias, obras de teatro e actos de certa relevancia non recollen m\u00e1is p\u00fablico que o dos propios concellos, e a distancia non deber\u00eda ser un atranco porque a configuraci\u00f3n f\u00edsica da comarca favorece a comunicaci\u00f3n.<\/p>\n<div style=\"width: 370px\" class=\"wp-caption alignnone\"><img loading=\"lazy\" title=\"Presentaci\u00c3\u00b3n de Barbantia\" src=\"\/www\/cont\/wp-content\/imaxes\/presentacionbarbantia1.jpg\" alt=\"Presentaci\u00c3\u00b3n de Barbantia\" width=\"360\" height=\"270\" \/><p class=\"wp-caption-text\">Presentaci\u00f3n de Barbantia<\/p><\/div>\n<p style=\"text-align: justify;\">Somos conscientes de que a creaci\u00f3n \u00e9 fundamentalmente un acto individual, pero unha vez feita a obra, a escultura, o cadro, o poema, a novela, \u00e9 preciso po\u00f1erlles \u00e1s, d\u00e1los a co\u00f1ecer. E moitas veces non abonda coa inauguraci\u00f3n dunha exposici\u00f3n, coa publicaci\u00f3n dun libro ou coa estrea dunha obra de teatro, se o publico ou ben non o sabe ou pensa que \u00e9 algo que organiza, non tanto un concello, como o grupo de goberno. A nosa idea \u00e9 evitar o sectarismo, po\u00f1er a cultura por riba de intereses xa pol\u00edticos, e procurar un punto de encontro. Por iso pensamos que Barbantia, ademais dun movemento comarcal, poder\u00eda ser esa especie de plataforma cultural que mediase cos concellos do Barbanza, coas instituci\u00f3ns e con outras asociaci\u00f3ns para a organizaci\u00f3n conxunta de encontros, relatorios, exposici\u00f3ns, debates e calquera actividade de interese. A nosa achega ser\u00ed\u00ada, non para competir, sen\u00f3n para compartir e, asemade, completar aqueles baleiros culturais na comarca.<\/p>\n<div style=\"width: 370px\" class=\"wp-caption alignnone\"><img loading=\"lazy\" title=\"Presentaci\u00c3\u00b3n de Barbantia\" src=\"\/www\/cont\/wp-content\/imaxes\/presentacionbarbantia2.jpg\" alt=\"Presentaci\u00c3\u00b3n de Barbantia\" width=\"360\" height=\"240\" \/><p class=\"wp-caption-text\">Presentaci\u00f3n de Barbantia<\/p><\/div>\n<p style=\"text-align: justify;\" align=\"justify\">En definitiva, Barbantia intentar\u00e1 ser un centro de ideas, no que todos, na medida do posible, participemos e nos sintamos parte activa dun proxecto, que, amais dun espazo cultural com\u00fan, acade para o Barbanza un sinal distintivo, unha marca identitaria cultural, non xa dentro sen\u00f3n tam\u00e9n f\u00f3ra da comarca.<br \/>\nPor iso, intentaremos que a participaci\u00f3n se vaia diversificando nos distintos concellos para procurarmos li\u00f1as internas de comunicaci\u00f3n e unha mobilidade que faga da asociaci\u00f3n unha caixa de resonancia, unha correa transmisora de intercambio, reflexi\u00f3n, encontro e, sobre todo, amizade.<\/p>\n<p><strong><a id=\"comisi\" name=\"comisi\"><\/a>Comisi\u00f3ns de Barbantia <\/strong><\/p>\n<p style=\"text-align: justify;\" align=\"justify\">Polo seu marcado car\u00e1cter comarcal e pola multidisplinaridade das actividades que desenvolvemos, precisamos organizar o seu traballo a trav\u00e9s de comisi\u00f3ns.<br \/>\nNeste documento podemos ver como organiza Barbantia o seu traballo. <a href=\"\/www\/cont\/wp-content\/imaxes\/documentos\/organizacionbarbantia.pdf\">Proposta organizativa de Barbantia<\/a><\/p>\n<table>\n<tbody>\n<tr>\n<th rowspan=\"5\" width=\"20%\">\u00c1reas de Xesti\u00f3n<\/th>\n<td width=\"80%\">Xesti\u00f3n Xeral e Econ\u00f3mica<\/td>\n<\/tr>\n<tr>\n<td>Comunicaci\u00f3n e Vida Asociativa<\/td>\n<\/tr>\n<tr>\n<td>Normalizaci\u00f3n Ling\u00fc\u00edstica<\/td>\n<\/tr>\n<tr>\n<td>Novas Tecnolox\u00edas<\/td>\n<\/tr>\n<tr>\n<td>Mocidade<\/td>\n<\/tr>\n<\/tbody>\n<\/table>\n<table style=\"width: 100%; height: 348px;\">\n<tbody>\n<tr style=\"height: 37px;\">\n<th style=\"height: 348px;\" rowspan=\"8\" width=\"20%\">\u00c1reas Tem\u00e1ticas<\/th>\n<td style=\"height: 37px;\" width=\"80%\">Artes Pl\u00e1sticas e Imaxe<\/td>\n<\/tr>\n<tr style=\"height: 37px;\">\n<td style=\"height: 37px;\">Xeograf\u00ed\u00ada e Historia<\/td>\n<\/tr>\n<tr style=\"height: 37px;\">\n<td style=\"height: 37px;\">Pensamento<\/td>\n<\/tr>\n<tr style=\"height: 37px;\">\n<td style=\"height: 37px;\">Literatura<\/td>\n<\/tr>\n<tr style=\"height: 37px;\">\n<td style=\"height: 37px;\">Ciencias<\/td>\n<\/tr>\n<tr style=\"height: 89px;\">\n<td style=\"height: 89px;\">M\u00fasica<\/td>\n<\/tr>\n<tr style=\"height: 37px;\">\n<td style=\"height: 37px;\">Bibliograf\u00eda e Documentaci\u00f3n<\/td>\n<\/tr>\n<tr style=\"height: 37px;\">\n<td style=\"height: 37px;\">Cultura Popular<\/td>\n<\/tr>\n<\/tbody>\n<\/table>\n<table>\n<tbody>\n<tr>\n<th rowspan=\"4\" width=\"20%\">\u00c1reas de Eventos<\/th>\n<td width=\"80%\">Comisi\u00f3n Organizadora da Semana da Cultura Galega Actual<\/td>\n<\/tr>\n<tr>\n<td>Comisi\u00f3n Organizadora do Encontro de Creadores do Barbanza<\/td>\n<\/tr>\n<tr>\n<td>Comisi\u00f3n Coordinadora do Anuario<\/td>\n<\/tr>\n<tr>\n<td>Comisi\u00f3n Autor Homenaxeado<\/td>\n<\/tr>\n<\/tbody>\n<\/table>\n<table>\n<tbody>\n<tr>\n<th rowspan=\"8\" width=\"20%\">\u00c1reas Territoriais<\/th>\n<td width=\"80%\">Rianxo<\/td>\n<\/tr>\n<tr>\n<td>Boiro<\/td>\n<\/tr>\n<tr>\n<td>Pobra<\/td>\n<\/tr>\n<tr>\n<td>Ribeira<\/td>\n<\/tr>\n<tr>\n<td>Porto do Son<\/td>\n<\/tr>\n<tr>\n<td>Noia<\/td>\n<\/tr>\n<tr>\n<td>Serra de Outes<\/td>\n<\/tr>\n<tr>\n<td>Lousame<\/td>\n<\/tr>\n<\/tbody>\n<\/table>\n<div class=\"twttr_buttons\"><div class=\"twttr_twitter\">\n\t\t\t\t\t<a href=\"http:\/\/twitter.com\/share?text=Que+%C3%A9+Barbantia%3F\" class=\"twitter-share-button\" data-via=\"\" data-hashtags=\"\"  data-size=\"default\" data-url=\"https:\/\/www.barbantia.es\/www\/cont\/index.php\/que-e-barbantia\/\"  data-related=\"\" target=\"_blank\">Tweet<\/a>\n\t\t\t\t<\/div><\/div><div class=\"fcbkbttn_buttons_block\" id=\"fcbkbttn_left\"><div class=\"fcbkbttn_button\">\n\t\t\t\t\t<a href=\"https:\/\/www.facebook.com\/140446132668582\" target=\"_blank\">\n\t\t\t\t\t\t<img src=\"\" alt=\"Fb-Button\" \/>\n\t\t\t\t\t<\/a>\n\t\t\t\t<\/div><div class=\"fcbkbttn_like \"><fb:like href=\"https:\/\/www.barbantia.es\/www\/cont\/index.php\/que-e-barbantia\/\" action=\"like\" colorscheme=\"light\" layout=\"button_count\"  size=\"small\"><\/fb:like><\/div><\/div>","protected":false},"excerpt":{"rendered":"<p>Estatutos Historia de Barbantia Comisi\u00f3ns de Barbantia Dosier de Prensa Historia de Barbantia Dende hai alg\u00fan tempo, unha morea de amigos do Barbanza, os m\u00e1is deles creadores e animadores culturais, vi\u00f1amos acari\u00f1ando a idea de crearmos un espazo que nos &hellip; <a href=\"https:\/\/www.barbantia.es\/www\/cont\/index.php\/que-e-barbantia\/\">Sigue lendo <span class=\"meta-nav\">&rarr;<\/span><\/a><\/p>\n","protected":false},"author":1,"featured_media":0,"parent":0,"menu_order":1,"comment_status":"closed","ping_status":"closed","template":"","meta":[],"_links":{"self":[{"href":"https:\/\/www.barbantia.es\/www\/cont\/index.php\/wp-json\/wp\/v2\/pages\/2"}],"collection":[{"href":"https:\/\/www.barbantia.es\/www\/cont\/index.php\/wp-json\/wp\/v2\/pages"}],"about":[{"href":"https:\/\/www.barbantia.es\/www\/cont\/index.php\/wp-json\/wp\/v2\/types\/page"}],"author":[{"embeddable":true,"href":"https:\/\/www.barbantia.es\/www\/cont\/index.php\/wp-json\/wp\/v2\/users\/1"}],"replies":[{"embeddable":true,"href":"https:\/\/www.barbantia.es\/www\/cont\/index.php\/wp-json\/wp\/v2\/comments?post=2"}],"version-history":[{"count":13,"href":"https:\/\/www.barbantia.es\/www\/cont\/index.php\/wp-json\/wp\/v2\/pages\/2\/revisions"}],"predecessor-version":[{"id":2016,"href":"https:\/\/www.barbantia.es\/www\/cont\/index.php\/wp-json\/wp\/v2\/pages\/2\/revisions\/2016"}],"wp:attachment":[{"href":"https:\/\/www.barbantia.es\/www\/cont\/index.php\/wp-json\/wp\/v2\/media?parent=2"}],"curies":[{"name":"wp","href":"https:\/\/api.w.org\/{rel}","templated":true}]}}