{"id":25,"date":"2005-10-30T14:43:48","date_gmt":"2005-10-30T13:43:48","guid":{"rendered":"http:\/\/www.barbantia.org\/cont\/index.php\/trazos\/"},"modified":"2013-02-19T17:37:48","modified_gmt":"2013-02-19T16:37:48","slug":"trazos","status":"publish","type":"page","link":"https:\/\/www.barbantia.es\/www\/cont\/index.php\/comisions\/trazos\/","title":{"rendered":"Trazos e Imaxes"},"content":{"rendered":"<p>Este \u00c3\u00a9 o espazo onde a mocidade de Barbantia se expresa plasticamente a trav\u00c3\u00a9s do debuxo, c\u00c3\u00b3mic, v\u00c3\u00addeo, fotograf\u00c3\u00ada&#8230;<\/p>\n<table style=\"width: 100%;\" border=\"1\">\n<tbody>\n<tr>\n<td style=\"text-align: center;\"><strong>ALBA GALB\u00c3\u0081N<\/strong><\/td>\n<\/tr>\n<tr>\n<td>\n<div align=\"center\"><a href=\"https:\/\/www.barbantia.es\/www\/cont\/wp-content\/imaxes\/trazos\/albagalan.jpg\" target=\"_blank\"><img alt=\"\" src=\"https:\/\/www.barbantia.es\/www\/cont\/wp-content\/imaxes\/trazos\/malbagalan.jpg\" border=\"0\" \/><\/a><br \/>\n<a href=\"https:\/\/www.barbantia.es\/www\/cont\/wp-content\/imaxes\/trazos\/AlbaGalban02.jpg\" target=\"_blank\"><img alt=\"\" src=\"https:\/\/www.barbantia.es\/www\/cont\/wp-content\/imaxes\/trazos\/mAlbaGalban02.jpg\" border=\"0\" \/><\/a><br \/>\n<a href=\"https:\/\/www.barbantia.es\/www\/cont\/wp-content\/imaxes\/trazos\/AlbaGalban03.jpg\" target=\"_blank\"><img alt=\"\" src=\"https:\/\/www.barbantia.es\/www\/cont\/wp-content\/imaxes\/trazos\/mAlbaGalban03.jpg\" border=\"0\" \/><\/a><\/div>\n<div align=\"center\"><\/div>\n<\/td>\n<\/tr>\n<tr>\n<td><\/td>\n<\/tr>\n<tr>\n<td style=\"text-align: center;\"><strong>ALBA TRI\u00c3\u2018ANES L\u00c3\u201cPEZ<\/strong><\/td>\n<\/tr>\n<tr>\n<td>\n<div style=\"width: 160px\" class=\"wp-caption aligncenter\"><a href=\"https:\/\/www.barbantia.es\/www\/cont\/wp-content\/imaxes\/trazos\/AlbaTrinhanesLopezLabirinto.jpg\" target=\"_blank\"><img loading=\"lazy\" style=\"border: 0px none;\" alt=\"\" src=\"https:\/\/www.barbantia.es\/www\/cont\/wp-content\/imaxes\/trazos\/mAlbaTrinhanesLopezLabirinto.jpg\" width=\"150\" height=\"108\" border=\"0\" \/><\/a><p class=\"wp-caption-text\">Labirinto<\/p><\/div>\n<p><div style=\"width: 160px\" class=\"wp-caption aligncenter\"><a href=\"https:\/\/www.barbantia.es\/www\/cont\/wp-content\/imaxes\/trazos\/AlbaTrinhanesLopezRepresetacion.jpg\" target=\"_blank\"><img loading=\"lazy\" style=\"border: 0px none;\" title=\"Representaci\u00c3\u00b3n\" alt=\"Representaci\u00c3\u00b3n\" src=\"https:\/\/www.barbantia.es\/www\/cont\/wp-content\/imaxes\/trazos\/mAlbaTrinhanesLopezRepresetacion.jpg\" width=\"150\" height=\"222\" border=\"0\" \/><\/a><p class=\"wp-caption-text\">Representaci\u00c3\u00b3n<\/p><\/div><\/td>\n<\/tr>\n<tr>\n<td align=\"center\" valign=\"middle\"><\/td>\n<\/tr>\n<tr>\n<td style=\"text-align: center;\" align=\"center\"><strong>ALBERTO SANISIDRO LOJO<\/strong><\/td>\n<\/tr>\n<tr>\n<td align=\"center\"><a href=\"https:\/\/www.barbantia.es\/www\/cont\/wp-content\/imaxes\/trazos\/AlbertoSanisidroLojo.jpg\" target=\"_blank\"><img alt=\"\" src=\"https:\/\/www.barbantia.es\/www\/cont\/wp-content\/imaxes\/trazos\/mAlbertoSanisidroLojo.jpg\" border=\"0\" \/><\/a><\/td>\n<\/tr>\n<tr>\n<td align=\"center\" valign=\"middle\"><\/td>\n<\/tr>\n<tr>\n<td align=\"center\"><strong>\u00c3\u0081NGEL GONZ\u00c3\u0081LEZ PREGO<\/strong><\/td>\n<\/tr>\n<tr>\n<td align=\"center\"><a href=\"https:\/\/www.barbantia.es\/www\/cont\/wp-content\/imaxes\/trazos\/AngelGonzalezPrego.jpg\" target=\"_blank\"><img alt=\"\" src=\"https:\/\/www.barbantia.es\/www\/cont\/wp-content\/imaxes\/trazos\/mAngelGonzalezPrego.jpg\" border=\"0\" \/><\/a><\/td>\n<\/tr>\n<tr>\n<td align=\"center\" valign=\"middle\"><\/td>\n<\/tr>\n<tr>\n<td align=\"center\"><strong>BEL\u00c3\u2030N RENDO<\/strong><\/td>\n<\/tr>\n<tr>\n<td align=\"center\"><a href=\"https:\/\/www.barbantia.es\/www\/cont\/wp-content\/imaxes\/trazos\/balenredondo1.jpg\" target=\"_blank\"><img alt=\"\" src=\"https:\/\/www.barbantia.es\/www\/cont\/wp-content\/imaxes\/trazos\/mbalenredondo1.jpg\" border=\"0\" \/><\/a><a href=\"https:\/\/www.barbantia.es\/www\/cont\/wp-content\/imaxes\/trazos\/balenredondo2.jpg\" target=\"_blank\"><img alt=\"\" src=\"https:\/\/www.barbantia.es\/www\/cont\/wp-content\/imaxes\/trazos\/mbalenredondo2.jpg\" border=\"0\" \/><\/a><br \/>\n<a href=\"https:\/\/www.barbantia.es\/www\/cont\/wp-content\/imaxes\/trazos\/BelenRendoSonho.jpg\" target=\"_blank\"><img alt=\"\" src=\"https:\/\/www.barbantia.es\/www\/cont\/wp-content\/imaxes\/trazos\/mBelenRendoSonho.jpg\" border=\"0\" \/><\/a><\/td>\n<\/tr>\n<tr>\n<td align=\"center\" valign=\"middle\"><\/td>\n<\/tr>\n<tr>\n<td align=\"center\"><strong>PERJARBOR por Alba Gal\u00c3\u00a1n<\/strong><\/td>\n<\/tr>\n<tr>\n<td align=\"center\" valign=\"middle\"><a href=\"https:\/\/www.barbantia.es\/www\/cont\/wp-content\/imaxes\/trazos\/comicperjarbor1.jpg\" target=\"_blank\"><img alt=\"\" src=\"https:\/\/www.barbantia.es\/www\/cont\/wp-content\/imaxes\/trazos\/mcomicperjarbor1.jpg\" border=\"0\" \/><\/a><a href=\"https:\/\/www.barbantia.es\/www\/cont\/wp-content\/imaxes\/trazos\/comicperjarbor2.jpg\" target=\"_blank\"><img alt=\"\" src=\"https:\/\/www.barbantia.es\/www\/cont\/wp-content\/imaxes\/trazos\/mcomicperjarbor2.jpg\" border=\"0\" \/><\/a><a href=\"https:\/\/www.barbantia.es\/www\/cont\/wp-content\/imaxes\/trazos\/comicperjarbor3.jpg\" target=\"_blank\"><img alt=\"\" src=\"https:\/\/www.barbantia.es\/www\/cont\/wp-content\/imaxes\/trazos\/mcomicperjarbor3.jpg\" border=\"0\" \/><\/a><a href=\"https:\/\/www.barbantia.es\/www\/cont\/wp-content\/imaxes\/trazos\/comicperjarbor4.jpg\" target=\"_blank\"><img alt=\"\" src=\"https:\/\/www.barbantia.es\/www\/cont\/wp-content\/imaxes\/trazos\/mcomicperjarbor4.jpg\" border=\"0\" \/><\/a><a href=\"https:\/\/www.barbantia.es\/www\/cont\/wp-content\/imaxes\/trazos\/comicperjarbor5.jpg\" target=\"_blank\"><img alt=\"\" src=\"https:\/\/www.barbantia.es\/www\/cont\/wp-content\/imaxes\/trazos\/mcomicperjarbor5.jpg\" border=\"0\" \/><\/a><\/td>\n<\/tr>\n<tr>\n<td align=\"center\" valign=\"middle\"><\/td>\n<\/tr>\n<tr>\n<td align=\"center\"><strong>DANIEL CERECEDO<\/strong><\/td>\n<\/tr>\n<tr>\n<td align=\"center\" valign=\"middle\"><a href=\"https:\/\/www.barbantia.es\/www\/cont\/wp-content\/imaxes\/trazos\/danielcerecedo.jpg\" target=\"_blank\"><img alt=\"\" src=\"https:\/\/www.barbantia.es\/www\/cont\/wp-content\/imaxes\/trazos\/mdanielcerecedo.jpg\" border=\"0\" \/><\/a><a href=\"https:\/\/www.barbantia.es\/www\/cont\/wp-content\/imaxes\/trazos\/DanielCerecedoBretalSonho.jpg\" target=\"_blank\"><img alt=\"\" src=\"https:\/\/www.barbantia.es\/www\/cont\/wp-content\/imaxes\/trazos\/mDanielCerecedoBretalSonho.jpg\" border=\"0\" \/><\/a>So\u00c3\u00b1o<\/td>\n<\/tr>\n<tr>\n<td align=\"center\" valign=\"middle\"><\/td>\n<\/tr>\n<tr>\n<td align=\"center\"><strong>ESTHER RODR\u00c3\u008dGUEZ FERREIR\u00c3\u201cS <\/strong><\/td>\n<\/tr>\n<tr>\n<td align=\"center\"><a href=\"https:\/\/www.barbantia.es\/www\/cont\/wp-content\/imaxes\/trazos\/EstherRodriguezFerreiros.jpg\" target=\"_blank\"><img alt=\"\" src=\"https:\/\/www.barbantia.es\/www\/cont\/wp-content\/imaxes\/trazos\/mEstherRodriguezFerreiros.jpg\" border=\"0\" \/><\/a><a href=\"https:\/\/www.barbantia.es\/www\/cont\/wp-content\/imaxes\/trazos\/EstherRodriguezFerreirosRomance.jpg\" target=\"_blank\"><img alt=\"\" src=\"https:\/\/www.barbantia.es\/www\/cont\/wp-content\/imaxes\/trazos\/mEstherRodriguezFerreirosRomance.jpg\" border=\"0\" \/><\/a>Romance<\/td>\n<\/tr>\n<tr>\n<td align=\"center\" valign=\"middle\"><\/td>\n<\/tr>\n<tr>\n<td align=\"center\"><strong>IV\u00c3\u0081N &gt;HERMO<\/strong><\/td>\n<\/tr>\n<tr>\n<td align=\"center\" valign=\"middle\"><a href=\"https:\/\/www.barbantia.es\/www\/cont\/wp-content\/imaxes\/trazos\/ivanhermo1.jpg\" target=\"_blank\"><img alt=\"\" src=\"https:\/\/www.barbantia.es\/www\/cont\/wp-content\/imaxes\/trazos\/mivanhermo1.jpg\" border=\"0\" \/><\/a><a href=\"https:\/\/www.barbantia.es\/www\/cont\/wp-content\/imaxes\/trazos\/ivanhermo2.jpg\" target=\"_blank\"><img alt=\"\" src=\"https:\/\/www.barbantia.es\/www\/cont\/wp-content\/imaxes\/trazos\/mivanhermo2.jpg\" border=\"0\" \/><\/a><\/td>\n<\/tr>\n<tr>\n<td align=\"center\"><\/td>\n<\/tr>\n<tr>\n<td align=\"center\"><strong>MAR\u00c3\u008dA N\u00c3\u0161\u00c3\u2018EZ RELOXO<\/strong><\/td>\n<\/tr>\n<tr>\n<td align=\"center\"><a href=\"https:\/\/www.barbantia.es\/www\/cont\/wp-content\/imaxes\/trazos\/MariaNunhezReloxo.jpg\" target=\"_blank\"><img alt=\"\" src=\"https:\/\/www.barbantia.es\/www\/cont\/wp-content\/imaxes\/trazos\/mMariaNunhezReloxo.jpg\" border=\"0\" \/><\/a><\/td>\n<\/tr>\n<tr>\n<td align=\"center\"><\/td>\n<\/tr>\n<tr>\n<td align=\"center\"><strong>MAR\u00c3\u008dA SU\u00c3\u0081REZ<\/strong><\/td>\n<\/tr>\n<tr>\n<td align=\"center\"><a href=\"https:\/\/www.barbantia.es\/www\/cont\/wp-content\/imaxes\/trazos\/MariaSuarez.jpg\" target=\"_blank\"><img alt=\"\" src=\"https:\/\/www.barbantia.es\/www\/cont\/wp-content\/imaxes\/trazos\/mMariaSuarez.jpg\" border=\"0\" \/><\/a><a href=\"https:\/\/www.barbantia.es\/www\/cont\/wp-content\/imaxes\/trazos\/MariaSuarez2.jpg\" target=\"_blank\"><img alt=\"\" src=\"https:\/\/www.barbantia.es\/www\/cont\/wp-content\/imaxes\/trazos\/mMariaSuarez2.jpg\" border=\"0\" \/><\/a><\/td>\n<\/tr>\n<tr>\n<td align=\"center\" valign=\"middle\" bgcolor=\"#FFFFFF\"><\/td>\n<\/tr>\n<tr>\n<td align=\"center\"><strong>N\u00c3\u0081TALI FERROL <\/strong><\/td>\n<\/tr>\n<tr>\n<td align=\"center\" valign=\"middle\"><a href=\"https:\/\/www.barbantia.es\/www\/cont\/wp-content\/imaxes\/trazos\/nataliferrol.jpg\" target=\"_blank\"><img alt=\"\" src=\"https:\/\/www.barbantia.es\/www\/cont\/wp-content\/imaxes\/trazos\/mnataliferrol.jpg\" border=\"0\" \/><\/a><a href=\"https:\/\/www.barbantia.es\/www\/cont\/wp-content\/imaxes\/trazos\/NataliFerrolRomance.jpg\" target=\"_blank\"><img alt=\"\" src=\"https:\/\/www.barbantia.es\/www\/cont\/wp-content\/imaxes\/trazos\/mNataliFerrolRomance.jpg\" border=\"0\" \/><\/a>Romance<\/td>\n<\/tr>\n<tr>\n<td align=\"center\" valign=\"middle\" bgcolor=\"#FFFFFF\"><\/td>\n<\/tr>\n<tr>\n<td align=\"center\"><strong>SAMUEL P\u00c3\u2030REZ SILVA<\/strong><\/td>\n<\/tr>\n<tr>\n<td align=\"center\"><a href=\"https:\/\/www.barbantia.es\/www\/cont\/wp-content\/imaxes\/trazos\/SamuelPerezSilva.jpg\" target=\"_blank\"><img alt=\"\" src=\"https:\/\/www.barbantia.es\/www\/cont\/wp-content\/imaxes\/trazos\/mSamuelPerezSilva.jpg\" border=\"0\" \/><\/a><\/td>\n<\/tr>\n<tr>\n<td align=\"center\"><\/td>\n<\/tr>\n<tr>\n<td align=\"center\"><strong>UX\u00c3\u008dA GARC\u00c3\u008dA S\u00c3\u0081NCHEZ<\/strong><\/td>\n<\/tr>\n<tr>\n<td align=\"center\"><a href=\"https:\/\/www.barbantia.es\/www\/cont\/wp-content\/imaxes\/trazos\/UxiaGarciaSanchez.jpg\" target=\"_blank\"><img alt=\"\" src=\"https:\/\/www.barbantia.es\/www\/cont\/wp-content\/imaxes\/trazos\/mUxiaGarciaSanchez.jpg\" border=\"0\" \/><\/a><\/td>\n<\/tr>\n<tr>\n<td align=\"center\"><\/td>\n<\/tr>\n<\/tbody>\n<\/table>\n<div class=\"twttr_buttons\"><div class=\"twttr_twitter\">\n\t\t\t\t\t<a href=\"http:\/\/twitter.com\/share?text=Trazos+e+Imaxes\" class=\"twitter-share-button\" data-via=\"\" data-hashtags=\"\"  data-size=\"default\" data-url=\"https:\/\/www.barbantia.es\/www\/cont\/index.php\/comisions\/trazos\/\"  data-related=\"\" target=\"_blank\">Tweet<\/a>\n\t\t\t\t<\/div><\/div><div class=\"fcbkbttn_buttons_block\" id=\"fcbkbttn_left\"><div class=\"fcbkbttn_button\">\n\t\t\t\t\t<a href=\"https:\/\/www.facebook.com\/140446132668582\" target=\"_blank\">\n\t\t\t\t\t\t<img src=\"\" alt=\"Fb-Button\" \/>\n\t\t\t\t\t<\/a>\n\t\t\t\t<\/div><div class=\"fcbkbttn_like \"><fb:like href=\"https:\/\/www.barbantia.es\/www\/cont\/index.php\/comisions\/trazos\/\" action=\"like\" colorscheme=\"light\" layout=\"button_count\"  size=\"small\"><\/fb:like><\/div><\/div>","protected":false},"excerpt":{"rendered":"<p>Este \u00c3\u00a9 o espazo onde a mocidade de Barbantia se expresa plasticamente a trav\u00c3\u00a9s do debuxo, c\u00c3\u00b3mic, v\u00c3\u00addeo, fotograf\u00c3\u00ada&#8230; ALBA GALB\u00c3\u0081N ALBA TRI\u00c3\u2018ANES L\u00c3\u201cPEZ ALBERTO SANISIDRO LOJO \u00c3\u0081NGEL GONZ\u00c3\u0081LEZ PREGO BEL\u00c3\u2030N RENDO PERJARBOR por Alba Gal\u00c3\u00a1n DANIEL CERECEDO So\u00c3\u00b1o ESTHER &hellip; <a href=\"https:\/\/www.barbantia.es\/www\/cont\/index.php\/comisions\/trazos\/\">Sigue lendo <span class=\"meta-nav\">&rarr;<\/span><\/a><\/p>\n","protected":false},"author":1,"featured_media":0,"parent":3,"menu_order":4,"comment_status":"closed","ping_status":"closed","template":"","meta":[],"_links":{"self":[{"href":"https:\/\/www.barbantia.es\/www\/cont\/index.php\/wp-json\/wp\/v2\/pages\/25"}],"collection":[{"href":"https:\/\/www.barbantia.es\/www\/cont\/index.php\/wp-json\/wp\/v2\/pages"}],"about":[{"href":"https:\/\/www.barbantia.es\/www\/cont\/index.php\/wp-json\/wp\/v2\/types\/page"}],"author":[{"embeddable":true,"href":"https:\/\/www.barbantia.es\/www\/cont\/index.php\/wp-json\/wp\/v2\/users\/1"}],"replies":[{"embeddable":true,"href":"https:\/\/www.barbantia.es\/www\/cont\/index.php\/wp-json\/wp\/v2\/comments?post=25"}],"version-history":[{"count":16,"href":"https:\/\/www.barbantia.es\/www\/cont\/index.php\/wp-json\/wp\/v2\/pages\/25\/revisions"}],"predecessor-version":[{"id":362,"href":"https:\/\/www.barbantia.es\/www\/cont\/index.php\/wp-json\/wp\/v2\/pages\/25\/revisions\/362"}],"up":[{"embeddable":true,"href":"https:\/\/www.barbantia.es\/www\/cont\/index.php\/wp-json\/wp\/v2\/pages\/3"}],"wp:attachment":[{"href":"https:\/\/www.barbantia.es\/www\/cont\/index.php\/wp-json\/wp\/v2\/media?parent=25"}],"curies":[{"name":"wp","href":"https:\/\/api.w.org\/{rel}","templated":true}]}}