{"id":3,"date":"2005-09-20T17:04:01","date_gmt":"2005-09-20T15:04:01","guid":{"rendered":"http:\/\/www.barbantia.org\/cont\/?page_id=3"},"modified":"2021-12-08T22:42:35","modified_gmt":"2021-12-08T21:42:35","slug":"comisions","status":"publish","type":"page","link":"https:\/\/www.barbantia.es\/www\/cont\/index.php\/comisions\/","title":{"rendered":"Nova Barbantia"},"content":{"rendered":"<p>Este \u00e9 o espazo da xente m\u00e1is nova de Barbantia.<\/p>\n<ul>\n<li><a href=\"https:\/\/www.barbantia.es\/www\/cont\/index.php\/comisions\/fardel-de-palabras\/\">Fardel de palabras<\/a><\/li>\n<li><a href=\"https:\/\/www.barbantia.es\/www\/cont\/index.php\/comisions\/recanto-poetico\/\">Recanto po\u00e9tico<\/a><\/li>\n<li><a href=\"https:\/\/www.barbantia.es\/www\/cont\/index.php\/comisions\/conversas-e-critica\/\">Conversas e cr\u00edtica <\/a><\/li>\n<li><a href=\"https:\/\/www.barbantia.es\/www\/cont\/index.php\/comisions\/trazos\/\">Trazos e imaxes<\/a><\/li>\n<\/ul>\n\n<div class=\"twttr_buttons\"><div class=\"twttr_twitter\">\n\t\t\t\t\t<a href=\"http:\/\/twitter.com\/share?text=Nova+Barbantia\" class=\"twitter-share-button\" data-via=\"\" data-hashtags=\"\"  data-size=\"default\" data-url=\"https:\/\/www.barbantia.es\/www\/cont\/index.php\/comisions\/\"  data-related=\"\" target=\"_blank\">Tweet<\/a>\n\t\t\t\t<\/div><\/div><div class=\"fcbkbttn_buttons_block\" id=\"fcbkbttn_left\"><div class=\"fcbkbttn_button\">\n\t\t\t\t\t<a href=\"https:\/\/www.facebook.com\/140446132668582\" target=\"_blank\">\n\t\t\t\t\t\t<img src=\"\" alt=\"Fb-Button\" \/>\n\t\t\t\t\t<\/a>\n\t\t\t\t<\/div><div class=\"fcbkbttn_like \"><fb:like href=\"https:\/\/www.barbantia.es\/www\/cont\/index.php\/comisions\/\" action=\"like\" colorscheme=\"light\" layout=\"button_count\"  size=\"small\"><\/fb:like><\/div><\/div>","protected":false},"excerpt":{"rendered":"<p>Este \u00e9 o espazo da xente m\u00e1is nova de Barbantia. Fardel de palabras Recanto po\u00e9tico Conversas e cr\u00edtica Trazos e imaxes<\/p>\n","protected":false},"author":1,"featured_media":0,"parent":0,"menu_order":2,"comment_status":"closed","ping_status":"closed","template":"","meta":[],"_links":{"self":[{"href":"https:\/\/www.barbantia.es\/www\/cont\/index.php\/wp-json\/wp\/v2\/pages\/3"}],"collection":[{"href":"https:\/\/www.barbantia.es\/www\/cont\/index.php\/wp-json\/wp\/v2\/pages"}],"about":[{"href":"https:\/\/www.barbantia.es\/www\/cont\/index.php\/wp-json\/wp\/v2\/types\/page"}],"author":[{"embeddable":true,"href":"https:\/\/www.barbantia.es\/www\/cont\/index.php\/wp-json\/wp\/v2\/users\/1"}],"replies":[{"embeddable":true,"href":"https:\/\/www.barbantia.es\/www\/cont\/index.php\/wp-json\/wp\/v2\/comments?post=3"}],"version-history":[{"count":4,"href":"https:\/\/www.barbantia.es\/www\/cont\/index.php\/wp-json\/wp\/v2\/pages\/3\/revisions"}],"predecessor-version":[{"id":2022,"href":"https:\/\/www.barbantia.es\/www\/cont\/index.php\/wp-json\/wp\/v2\/pages\/3\/revisions\/2022"}],"wp:attachment":[{"href":"https:\/\/www.barbantia.es\/www\/cont\/index.php\/wp-json\/wp\/v2\/media?parent=3"}],"curies":[{"name":"wp","href":"https:\/\/api.w.org\/{rel}","templated":true}]}}