{"id":5,"date":"2005-09-20T17:05:25","date_gmt":"2005-09-20T15:05:25","guid":{"rendered":"http:\/\/www.barbantia.org\/cont\/?page_id=5"},"modified":"2022-11-09T19:53:26","modified_gmt":"2022-11-09T18:53:26","slug":"autoresas-do-barbanza","status":"publish","type":"page","link":"https:\/\/www.barbantia.es\/www\/cont\/index.php\/autoresas-do-barbanza\/","title":{"rendered":"Escritores\/as e libros"},"content":{"rendered":"<p>Dende aqu\u00ed vas podes consultar a biograf\u00eda de escritores e escritoras nacidas no Barbanza ou que te\u00f1en un v\u00ednculo especial coa comarca e tam\u00e9n podes acceder \u00e1 Revista de Libros editados entre 2004 e 2005 sobre o Barbanza.<\/p>\n<ul>\n<li><a href=\"http:\/\/www.barbantia.es\/www\/dicionario\/\" target=\"_blank\" rel=\"noopener\">Escritores\/as do Barbanza<\/a><\/li>\n<li><a href=\"https:\/\/www.barbantia.es\/www\/cont\/index.php\/autoresas-do-barbanza\/revista-de-libros-do-barbanza-2004-2005\/\">Revista de Libros do Barbanza (2004-2005)<\/a><\/li>\n<\/ul>\n\n<div class=\"twttr_buttons\"><div class=\"twttr_twitter\">\n\t\t\t\t\t<a href=\"http:\/\/twitter.com\/share?text=Escritores%2Fas+e+libros\" class=\"twitter-share-button\" data-via=\"\" data-hashtags=\"\"  data-size=\"default\" data-url=\"https:\/\/www.barbantia.es\/www\/cont\/index.php\/autoresas-do-barbanza\/\"  data-related=\"\" target=\"_blank\">Tweet<\/a>\n\t\t\t\t<\/div><\/div><div class=\"fcbkbttn_buttons_block\" id=\"fcbkbttn_left\"><div class=\"fcbkbttn_button\">\n\t\t\t\t\t<a href=\"https:\/\/www.facebook.com\/140446132668582\" target=\"_blank\">\n\t\t\t\t\t\t<img src=\"\" alt=\"Fb-Button\" \/>\n\t\t\t\t\t<\/a>\n\t\t\t\t<\/div><div class=\"fcbkbttn_like \"><fb:like href=\"https:\/\/www.barbantia.es\/www\/cont\/index.php\/autoresas-do-barbanza\/\" action=\"like\" colorscheme=\"light\" layout=\"button_count\"  size=\"small\"><\/fb:like><\/div><\/div>","protected":false},"excerpt":{"rendered":"<p>Dende aqu\u00ed vas podes consultar a biograf\u00eda de escritores e escritoras nacidas no Barbanza ou que te\u00f1en un v\u00ednculo especial coa comarca e tam\u00e9n podes acceder \u00e1 Revista de Libros editados entre 2004 e 2005 sobre o Barbanza. Escritores\/as do &hellip; <a href=\"https:\/\/www.barbantia.es\/www\/cont\/index.php\/autoresas-do-barbanza\/\">Sigue lendo <span class=\"meta-nav\">&rarr;<\/span><\/a><\/p>\n","protected":false},"author":1,"featured_media":0,"parent":0,"menu_order":4,"comment_status":"closed","ping_status":"closed","template":"","meta":[],"_links":{"self":[{"href":"https:\/\/www.barbantia.es\/www\/cont\/index.php\/wp-json\/wp\/v2\/pages\/5"}],"collection":[{"href":"https:\/\/www.barbantia.es\/www\/cont\/index.php\/wp-json\/wp\/v2\/pages"}],"about":[{"href":"https:\/\/www.barbantia.es\/www\/cont\/index.php\/wp-json\/wp\/v2\/types\/page"}],"author":[{"embeddable":true,"href":"https:\/\/www.barbantia.es\/www\/cont\/index.php\/wp-json\/wp\/v2\/users\/1"}],"replies":[{"embeddable":true,"href":"https:\/\/www.barbantia.es\/www\/cont\/index.php\/wp-json\/wp\/v2\/comments?post=5"}],"version-history":[{"count":8,"href":"https:\/\/www.barbantia.es\/www\/cont\/index.php\/wp-json\/wp\/v2\/pages\/5\/revisions"}],"predecessor-version":[{"id":2137,"href":"https:\/\/www.barbantia.es\/www\/cont\/index.php\/wp-json\/wp\/v2\/pages\/5\/revisions\/2137"}],"wp:attachment":[{"href":"https:\/\/www.barbantia.es\/www\/cont\/index.php\/wp-json\/wp\/v2\/media?parent=5"}],"curies":[{"name":"wp","href":"https:\/\/api.w.org\/{rel}","templated":true}]}}